{"id":7980,"date":"2020-08-31T12:01:12","date_gmt":"2020-08-31T10:01:12","guid":{"rendered":"https:\/\/domaine-des-amiel.com\/shop\/a-peissou-2020\/"},"modified":"2020-08-31T12:01:12","modified_gmt":"2020-08-31T10:01:12","slug":"a-peissou-2020","status":"publish","type":"product","link":"https:\/\/domaine-des-amiel.com\/en\/shop\/a-peissou-2020\/","title":{"rendered":"A Pe\u00efssou 2020"},"content":{"rendered":"<div class=\"wpb-content-wrapper\"><p>[vc_row][vc_column][vc_column_text]Cette cuv\u00e9e rend hommage \u00e0 notre arri\u00e8re grand-p\u00e8re \u00c9lis\u00e9e, alias Pe\u00efssou. Domin\u00e9e par la Syrah, elle est issue de lots \u00e9l\u00e9gants et floraux, et \u00e9lev\u00e9e pendant 1 an, partiellement en foudres, barriques et cuves. C\u2019est la principale cuv\u00e9e du Domaine, une valeur s\u00fbre\u00a0![\/vc_column_text][vc_empty_space][vc_btn title=&#8221;Voir la fiche technique&#8221; style=&#8221;custom&#8221; custom_background=&#8221;#ac0043&#8243; custom_text=&#8221;#ffffff&#8221; shape=&#8221;square&#8221; align=&#8221;left&#8221; css_animation=&#8221;fadeIn&#8221; link=&#8221;url:https%3A%2F%2Fdomaine-des-amiel.com%2Fwp-content%2Fuploads%2F2021%2F12%2FFT-A-PEISSOU-2020-%E2%80%93-AP2020.pdf&#8221;][vc_empty_space][vc_video link=&#8221;https:\/\/www.youtube.com\/watch?v=rWnn6sw_aOY&#8221; align=&#8221;center&#8221; css_animation=&#8221;fadeIn&#8221;][\/vc_column][\/vc_row]<\/p>\n<\/div>","protected":false},"excerpt":{"rendered":"<p>Cette cuv\u00e9e rend hommage \u00e0 notre arri\u00e8re grand-p\u00e8re \u00c9lis\u00e9e, alias Pe\u00efssou. Domin\u00e9e par la Syrah, elle est issue de lots \u00e9l\u00e9gants et floraux, et \u00e9lev\u00e9e pendant 1 an, partiellement en foudres, barriques et cuves. C\u2019est la principale cuv\u00e9e du Domaine, une valeur s\u00fbre\u00a0!<\/p>\n","protected":false},"featured_media":6680,"template":"","meta":[],"product_brand":[],"product_cat":[154],"product_tag":[],"class_list":{"0":"post-7980","1":"product","2":"type-product","3":"status-publish","4":"has-post-thumbnail","6":"product_cat-vin-rouge-en","8":"first","9":"instock","10":"shipping-taxable","11":"purchasable","12":"product-type-simple"},"_links":{"self":[{"href":"https:\/\/domaine-des-amiel.com\/en\/wp-json\/wp\/v2\/product\/7980","targetHints":{"allow":["GET"]}}],"collection":[{"href":"https:\/\/domaine-des-amiel.com\/en\/wp-json\/wp\/v2\/product"}],"about":[{"href":"https:\/\/domaine-des-amiel.com\/en\/wp-json\/wp\/v2\/types\/product"}],"wp:featuredmedia":[{"embeddable":true,"href":"https:\/\/domaine-des-amiel.com\/en\/wp-json\/wp\/v2\/media\/6680"}],"wp:attachment":[{"href":"https:\/\/domaine-des-amiel.com\/en\/wp-json\/wp\/v2\/media?parent=7980"}],"wp:term":[{"taxonomy":"product_brand","embeddable":true,"href":"https:\/\/domaine-des-amiel.com\/en\/wp-json\/wp\/v2\/product_brand?post=7980"},{"taxonomy":"product_cat","embeddable":true,"href":"https:\/\/domaine-des-amiel.com\/en\/wp-json\/wp\/v2\/product_cat?post=7980"},{"taxonomy":"product_tag","embeddable":true,"href":"https:\/\/domaine-des-amiel.com\/en\/wp-json\/wp\/v2\/product_tag?post=7980"}],"curies":[{"name":"wp","href":"https:\/\/api.w.org\/{rel}","templated":true}]}}