{"id":7979,"date":"2020-08-31T13:32:15","date_gmt":"2020-08-31T11:32:15","guid":{"rendered":"https:\/\/domaine-des-amiel.com\/shop\/a-louest-2019\/"},"modified":"2020-08-31T13:32:15","modified_gmt":"2020-08-31T11:32:15","slug":"a-louest-2019","status":"publish","type":"product","link":"https:\/\/domaine-des-amiel.com\/en\/shop\/a-louest-2019\/","title":{"rendered":"A l&#8217;Ouest 2019"},"content":{"rendered":"<div class=\"wpb-content-wrapper\"><p>[vc_row][vc_column][vc_column_text]Ici nous avons voulu livrer une version M\u00e9diterran\u00e9enne de ces c\u00e9pages atlantiques (de l\u2019Ouest\u00a0!) que sont le Merlot et le Cabernet Sauvignon. M\u00fbr, extrait, rac\u00e9, alliant puissance et complexit\u00e9, fruits des bois et notes rustiques, c\u2019est un vin qui aura besoin d\u2019un plat s\u00e9rieux\u00a0![\/vc_column_text][vc_empty_space][vc_btn title=&#8221;Voir la fiche technique&#8221; style=&#8221;custom&#8221; custom_background=&#8221;#ac0043&#8243; custom_text=&#8221;#ffffff&#8221; shape=&#8221;square&#8221; align=&#8221;left&#8221; css_animation=&#8221;fadeIn&#8221; link=&#8221;url:https%3A%2F%2Fdomaine-des-amiel.com%2Fwp-content%2Fuploads%2F2023%2F05%2FFT-A-LOUEST-%E2%80%93-2019-ao2019.pdf&#8221;][vc_empty_space][vc_video link=&#8221;https:\/\/www.youtube.com\/watch?v=smft8JcBfkU&#8221; align=&#8221;center&#8221; css_animation=&#8221;fadeIn&#8221;][\/vc_column][\/vc_row]<\/p>\n<\/div>","protected":false},"excerpt":{"rendered":"<p>Ici nous avons voulu livrer une version M\u00e9diterran\u00e9enne de ces c\u00e9pages atlantiques (de l\u2019Ouest\u00a0!) que sont le Merlot et le Cabernet Sauvignon. M\u00fbr, extrait, rac\u00e9, alliant puissance et complexit\u00e9, fruits des bois et notes rustiques, c\u2019est un vin qui aura besoin d\u2019un plat s\u00e9rieux\u00a0!<\/p>\n","protected":false},"featured_media":6726,"template":"","meta":[],"product_brand":[],"product_cat":[154],"product_tag":[],"class_list":{"0":"post-7979","1":"product","2":"type-product","3":"status-publish","4":"has-post-thumbnail","6":"product_cat-vin-rouge-en","8":"first","9":"instock","10":"shipping-taxable","11":"purchasable","12":"product-type-simple"},"_links":{"self":[{"href":"https:\/\/domaine-des-amiel.com\/en\/wp-json\/wp\/v2\/product\/7979","targetHints":{"allow":["GET"]}}],"collection":[{"href":"https:\/\/domaine-des-amiel.com\/en\/wp-json\/wp\/v2\/product"}],"about":[{"href":"https:\/\/domaine-des-amiel.com\/en\/wp-json\/wp\/v2\/types\/product"}],"wp:featuredmedia":[{"embeddable":true,"href":"https:\/\/domaine-des-amiel.com\/en\/wp-json\/wp\/v2\/media\/6726"}],"wp:attachment":[{"href":"https:\/\/domaine-des-amiel.com\/en\/wp-json\/wp\/v2\/media?parent=7979"}],"wp:term":[{"taxonomy":"product_brand","embeddable":true,"href":"https:\/\/domaine-des-amiel.com\/en\/wp-json\/wp\/v2\/product_brand?post=7979"},{"taxonomy":"product_cat","embeddable":true,"href":"https:\/\/domaine-des-amiel.com\/en\/wp-json\/wp\/v2\/product_cat?post=7979"},{"taxonomy":"product_tag","embeddable":true,"href":"https:\/\/domaine-des-amiel.com\/en\/wp-json\/wp\/v2\/product_tag?post=7979"}],"curies":[{"name":"wp","href":"https:\/\/api.w.org\/{rel}","templated":true}]}}