{"id":7978,"date":"2020-08-31T13:49:19","date_gmt":"2020-08-31T11:49:19","guid":{"rendered":"https:\/\/domaine-des-amiel.com\/shop\/a-jean-2019\/"},"modified":"2020-08-31T13:49:19","modified_gmt":"2020-08-31T11:49:19","slug":"a-jean-2019","status":"publish","type":"product","link":"https:\/\/domaine-des-amiel.com\/en\/shop\/a-jean-2019\/","title":{"rendered":"A Jean 2019"},"content":{"rendered":"<div class=\"wpb-content-wrapper\"><p>[vc_row][vc_column][vc_column_text]Cette cuv\u00e9e rend hommage \u00e0 notre grand-p\u00e8re Jean, d\u00e9c\u00e9d\u00e9 en 1993 et qui a plant\u00e9 certaines des vignes que nous chouchoutons aujourd\u2019hui. Elle fait la part belle au Grenache, seulement sur les mill\u00e9simes o\u00f9 celui-ci nous semble excellent\u00a0! Finesse, \u00e9l\u00e9gance\u2026 \u00e0 d\u00e9couvrir\u00a0![\/vc_column_text][vc_empty_space][vc_btn title=&#8221;Voir la fiche technique&#8221; style=&#8221;custom&#8221; custom_background=&#8221;#ac0043&#8243; custom_text=&#8221;#ffffff&#8221; shape=&#8221;square&#8221; align=&#8221;left&#8221; css_animation=&#8221;fadeIn&#8221; link=&#8221;url:https%3A%2F%2Fdomaine-des-amiel.com%2Fwp-content%2Fuploads%2F2023%2F07%2FFT-A-JEAN-%E2%80%93-AJ2019.pdf&#8221;][vc_empty_space][vc_video link=&#8221;https:\/\/www.youtube.com\/watch?v=8oysKBZIQkA&#8221; align=&#8221;center&#8221; css_animation=&#8221;fadeIn&#8221;][\/vc_column][\/vc_row]<\/p>\n<\/div>","protected":false},"excerpt":{"rendered":"<p>Cette cuv\u00e9e rend hommage \u00e0 notre grand-p\u00e8re Jean, d\u00e9c\u00e9d\u00e9 en 1993 et qui a plant\u00e9 certaines des vignes que nous chouchoutons aujourd\u2019hui. Elle fait la part belle au Grenache, seulement sur les mill\u00e9simes o\u00f9 celui-ci nous semble excellent\u00a0! Finesse, \u00e9l\u00e9gance\u2026 \u00e0 d\u00e9couvrir\u00a0!<\/p>\n","protected":false},"featured_media":6750,"template":"","meta":[],"product_brand":[],"product_cat":[154],"product_tag":[],"class_list":{"0":"post-7978","1":"product","2":"type-product","3":"status-publish","4":"has-post-thumbnail","6":"product_cat-vin-rouge-en","8":"first","9":"instock","10":"shipping-taxable","11":"purchasable","12":"product-type-simple"},"_links":{"self":[{"href":"https:\/\/domaine-des-amiel.com\/en\/wp-json\/wp\/v2\/product\/7978","targetHints":{"allow":["GET"]}}],"collection":[{"href":"https:\/\/domaine-des-amiel.com\/en\/wp-json\/wp\/v2\/product"}],"about":[{"href":"https:\/\/domaine-des-amiel.com\/en\/wp-json\/wp\/v2\/types\/product"}],"wp:featuredmedia":[{"embeddable":true,"href":"https:\/\/domaine-des-amiel.com\/en\/wp-json\/wp\/v2\/media\/6750"}],"wp:attachment":[{"href":"https:\/\/domaine-des-amiel.com\/en\/wp-json\/wp\/v2\/media?parent=7978"}],"wp:term":[{"taxonomy":"product_brand","embeddable":true,"href":"https:\/\/domaine-des-amiel.com\/en\/wp-json\/wp\/v2\/product_brand?post=7978"},{"taxonomy":"product_cat","embeddable":true,"href":"https:\/\/domaine-des-amiel.com\/en\/wp-json\/wp\/v2\/product_cat?post=7978"},{"taxonomy":"product_tag","embeddable":true,"href":"https:\/\/domaine-des-amiel.com\/en\/wp-json\/wp\/v2\/product_tag?post=7978"}],"curies":[{"name":"wp","href":"https:\/\/api.w.org\/{rel}","templated":true}]}}