{"id":7977,"date":"2020-08-31T13:53:41","date_gmt":"2020-08-31T11:53:41","guid":{"rendered":"https:\/\/domaine-des-amiel.com\/shop\/a-coural-2021\/"},"modified":"2025-10-05T13:28:06","modified_gmt":"2025-10-05T11:28:06","slug":"a-coural-2024","status":"publish","type":"product","link":"https:\/\/domaine-des-amiel.com\/en\/shop\/a-coural-2024\/","title":{"rendered":"A Coural 2024"},"content":{"rendered":"<div class=\"wpb-content-wrapper\"><p>[vc_row][vc_column][vc_column_text]Cette cuv\u00e9e rend hommage \u00e0 notre arri\u00e8re, arri\u00e8re grand-p\u00e8re Th\u00e9ophile alias Coural. Toujours bas\u00e9e sur la Syrah, c\u2019est en g\u00e9n\u00e9ral la plus pierreuse de nos cuv\u00e9es, celle pour laquelle nous essayons de nous effacer au maximum derri\u00e8re notre terroir caillouteux\u2026[\/vc_column_text][vc_empty_space][vc_btn title=&#8221;Voir la fiche technique&#8221; style=&#8221;custom&#8221; custom_background=&#8221;#ac0043&#8243; custom_text=&#8221;#ffffff&#8221; shape=&#8221;square&#8221; align=&#8221;left&#8221; css_animation=&#8221;fadeIn&#8221; css=&#8221;&#8221; link=&#8221;url:https%3A%2F%2Fdomaine-des-amiel.com%2Fwp-content%2Fuploads%2F2025%2F10%2FFT-2024-A-COURAL-%E2%80%93-AC2024.pdf&#8221;][vc_empty_space][vc_video link=&#8221;https:\/\/www.youtube.com\/watch?v=9yWyq2_a5Hs&#8221; align=&#8221;center&#8221; css_animation=&#8221;fadeIn&#8221;][\/vc_column][\/vc_row]<\/p>\n<\/div>","protected":false},"excerpt":{"rendered":"<p>Cette cuv\u00e9e rend hommage \u00e0 notre arri\u00e8re, arri\u00e8re grand-p\u00e8re Th\u00e9ophile alias Coural. Toujours bas\u00e9e sur la Syrah, c\u2019est en g\u00e9n\u00e9ral la plus pierreuse de nos cuv\u00e9es, celle pour laquelle nous essayons de nous effacer au maximum derri\u00e8re notre terroir caillouteux\u2026<\/p>\n","protected":false},"featured_media":6773,"template":"","meta":[],"product_brand":[],"product_cat":[154],"product_tag":[],"class_list":{"0":"post-7977","1":"product","2":"type-product","3":"status-publish","4":"has-post-thumbnail","6":"product_cat-vin-rouge-en","8":"first","9":"instock","10":"shipping-taxable","11":"purchasable","12":"product-type-simple"},"_links":{"self":[{"href":"https:\/\/domaine-des-amiel.com\/en\/wp-json\/wp\/v2\/product\/7977","targetHints":{"allow":["GET"]}}],"collection":[{"href":"https:\/\/domaine-des-amiel.com\/en\/wp-json\/wp\/v2\/product"}],"about":[{"href":"https:\/\/domaine-des-amiel.com\/en\/wp-json\/wp\/v2\/types\/product"}],"wp:featuredmedia":[{"embeddable":true,"href":"https:\/\/domaine-des-amiel.com\/en\/wp-json\/wp\/v2\/media\/6773"}],"wp:attachment":[{"href":"https:\/\/domaine-des-amiel.com\/en\/wp-json\/wp\/v2\/media?parent=7977"}],"wp:term":[{"taxonomy":"product_brand","embeddable":true,"href":"https:\/\/domaine-des-amiel.com\/en\/wp-json\/wp\/v2\/product_brand?post=7977"},{"taxonomy":"product_cat","embeddable":true,"href":"https:\/\/domaine-des-amiel.com\/en\/wp-json\/wp\/v2\/product_cat?post=7977"},{"taxonomy":"product_tag","embeddable":true,"href":"https:\/\/domaine-des-amiel.com\/en\/wp-json\/wp\/v2\/product_tag?post=7977"}],"curies":[{"name":"wp","href":"https:\/\/api.w.org\/{rel}","templated":true}]}}