{"id":7975,"date":"2020-08-31T14:14:06","date_gmt":"2020-08-31T12:14:06","guid":{"rendered":"https:\/\/domaine-des-amiel.com\/shop\/a-rose-2021\/"},"modified":"2020-08-31T14:14:06","modified_gmt":"2020-08-31T12:14:06","slug":"a-rose-2021","status":"publish","type":"product","link":"https:\/\/domaine-des-amiel.com\/en\/shop\/a-rose-2021\/","title":{"rendered":"A Rose 2021"},"content":{"rendered":"<div class=\"wpb-content-wrapper\"><p>[vc_row][vc_column][vc_column_text]Cette cuv\u00e9e rend hommage \u00e0 la fille d\u2019Aymeric, n\u00e9e en 2018. Elle fait la part belle \u00e0 l\u2019Alicante Bouschet, vieux c\u00e9page m\u00e9diterran\u00e9en presque oubli\u00e9, qui nous donne chaque ann\u00e9e nos plus beaux raisins. Elev\u00e9e 1an en foudre, c\u2019est souvent un coup de c\u0153ur pour nos clients\u2026[\/vc_column_text][vc_empty_space][vc_btn title=&#8221;Voir la fiche technique&#8221; style=&#8221;custom&#8221; custom_background=&#8221;#ac0043&#8243; custom_text=&#8221;#ffffff&#8221; shape=&#8221;square&#8221; align=&#8221;left&#8221; css_animation=&#8221;fadeIn&#8221; link=&#8221;url:https%3A%2F%2Fdomaine-des-amiel.com%2Fwp-content%2Fuploads%2F2021%2F04%2FFT-A-ROSE-%E2%80%93-2019.pdf&#8221;][vc_empty_space][vc_video link=&#8221;https:\/\/www.youtube.com\/watch?v=sQDw1qT5DJg&#8221; align=&#8221;center&#8221; css_animation=&#8221;fadeIn&#8221;][\/vc_column][\/vc_row]<\/p>\n<\/div>","protected":false},"excerpt":{"rendered":"<p>Cette cuv\u00e9e rend hommage \u00e0 la fille d\u2019Aymeric, n\u00e9e en 2018. Elle fait la part belle \u00e0 l\u2019Alicante Bouschet, vieux c\u00e9page m\u00e9diterran\u00e9en presque oubli\u00e9, qui nous donne chaque ann\u00e9e nos plus beaux raisins. Elev\u00e9e 1an en foudre, c\u2019est souvent un coup de c\u0153ur pour nos clients\u2026<\/p>\n","protected":false},"featured_media":6845,"template":"","meta":[],"product_brand":[],"product_cat":[154],"product_tag":[],"class_list":{"0":"post-7975","1":"product","2":"type-product","3":"status-publish","4":"has-post-thumbnail","6":"product_cat-vin-rouge-en","8":"first","9":"instock","10":"shipping-taxable","11":"purchasable","12":"product-type-simple"},"_links":{"self":[{"href":"https:\/\/domaine-des-amiel.com\/en\/wp-json\/wp\/v2\/product\/7975","targetHints":{"allow":["GET"]}}],"collection":[{"href":"https:\/\/domaine-des-amiel.com\/en\/wp-json\/wp\/v2\/product"}],"about":[{"href":"https:\/\/domaine-des-amiel.com\/en\/wp-json\/wp\/v2\/types\/product"}],"wp:featuredmedia":[{"embeddable":true,"href":"https:\/\/domaine-des-amiel.com\/en\/wp-json\/wp\/v2\/media\/6845"}],"wp:attachment":[{"href":"https:\/\/domaine-des-amiel.com\/en\/wp-json\/wp\/v2\/media?parent=7975"}],"wp:term":[{"taxonomy":"product_brand","embeddable":true,"href":"https:\/\/domaine-des-amiel.com\/en\/wp-json\/wp\/v2\/product_brand?post=7975"},{"taxonomy":"product_cat","embeddable":true,"href":"https:\/\/domaine-des-amiel.com\/en\/wp-json\/wp\/v2\/product_cat?post=7975"},{"taxonomy":"product_tag","embeddable":true,"href":"https:\/\/domaine-des-amiel.com\/en\/wp-json\/wp\/v2\/product_tag?post=7975"}],"curies":[{"name":"wp","href":"https:\/\/api.w.org\/{rel}","templated":true}]}}