{"id":7974,"date":"2020-08-31T14:25:14","date_gmt":"2020-08-31T12:25:14","guid":{"rendered":"https:\/\/domaine-des-amiel.com\/shop\/a-elise-2022\/"},"modified":"2025-08-29T12:11:31","modified_gmt":"2025-08-29T10:11:31","slug":"a-elise-2022","status":"publish","type":"product","link":"https:\/\/domaine-des-amiel.com\/en\/shop\/a-elise-2022\/","title":{"rendered":"A Elise 2022"},"content":{"rendered":"<div class=\"wpb-content-wrapper\"><p>[vc_row][vc_column][vc_column_text]Cette cuv\u00e9e rend hommage \u00e0 notre arri\u00e8re grand-m\u00e8re \u00c9lise, dont nous avons transform\u00e9 la cuisine en cave\u00a0! Issue de Vermentino et \u00e9lev\u00e9e 12 mois en foudre, elle allie gras, complexit\u00e9, acidit\u00e9 et l\u00e9g\u00e8res notes bois\u00e9es.[\/vc_column_text][vc_empty_space][vc_btn title=&#8221;Voir la fiche technique&#8221; style=&#8221;custom&#8221; custom_background=&#8221;#ac0043&#8243; custom_text=&#8221;#ffffff&#8221; shape=&#8221;square&#8221; align=&#8221;left&#8221; css_animation=&#8221;fadeIn&#8221; link=&#8221;url:https%3A%2F%2Fdomaine-des-amiel.com%2Fwp-content%2Fuploads%2F2023%2F12%2FFT-AE2022.pdf&#8221;][vc_empty_space][vc_video link=&#8221;https:\/\/www.youtube.com\/watch?v=7qU9X50_fYs&#8221; align=&#8221;center&#8221; css_animation=&#8221;fadeIn&#8221;][\/vc_column][\/vc_row]<\/p>\n<\/div>","protected":false},"excerpt":{"rendered":"<p>Cette cuv\u00e9e rend hommage \u00e0 notre arri\u00e8re grand-m\u00e8re \u00c9lise, dont nous avons transform\u00e9 la cuisine en cave\u00a0! Issue de Vermentino et \u00e9lev\u00e9e 12 mois en foudre, elle allie gras, complexit\u00e9, acidit\u00e9 et l\u00e9g\u00e8res notes bois\u00e9es.<\/p>\n","protected":false},"featured_media":6892,"template":"","meta":[],"product_brand":[],"product_cat":[155],"product_tag":[],"class_list":{"0":"post-7974","1":"product","2":"type-product","3":"status-publish","4":"has-post-thumbnail","6":"product_cat-vin-blanc-en","8":"first","9":"outofstock","10":"shipping-taxable","11":"purchasable","12":"product-type-simple"},"_links":{"self":[{"href":"https:\/\/domaine-des-amiel.com\/en\/wp-json\/wp\/v2\/product\/7974","targetHints":{"allow":["GET"]}}],"collection":[{"href":"https:\/\/domaine-des-amiel.com\/en\/wp-json\/wp\/v2\/product"}],"about":[{"href":"https:\/\/domaine-des-amiel.com\/en\/wp-json\/wp\/v2\/types\/product"}],"wp:featuredmedia":[{"embeddable":true,"href":"https:\/\/domaine-des-amiel.com\/en\/wp-json\/wp\/v2\/media\/6892"}],"wp:attachment":[{"href":"https:\/\/domaine-des-amiel.com\/en\/wp-json\/wp\/v2\/media?parent=7974"}],"wp:term":[{"taxonomy":"product_brand","embeddable":true,"href":"https:\/\/domaine-des-amiel.com\/en\/wp-json\/wp\/v2\/product_brand?post=7974"},{"taxonomy":"product_cat","embeddable":true,"href":"https:\/\/domaine-des-amiel.com\/en\/wp-json\/wp\/v2\/product_cat?post=7974"},{"taxonomy":"product_tag","embeddable":true,"href":"https:\/\/domaine-des-amiel.com\/en\/wp-json\/wp\/v2\/product_tag?post=7974"}],"curies":[{"name":"wp","href":"https:\/\/api.w.org\/{rel}","templated":true}]}}