{"id":7973,"date":"2020-08-31T15:20:39","date_gmt":"2020-08-31T13:20:39","guid":{"rendered":"https:\/\/domaine-des-amiel.com\/shop\/a-yvonne-2021\/"},"modified":"2020-08-31T15:20:39","modified_gmt":"2020-08-31T13:20:39","slug":"a-yvonne-2021","status":"publish","type":"product","link":"https:\/\/domaine-des-amiel.com\/en\/shop\/a-yvonne-2021\/","title":{"rendered":"A Yvonne 2021"},"content":{"rendered":"<div class=\"wpb-content-wrapper\"><p>[vc_row][vc_column][vc_column_text]Cette cuv\u00e9e d\u2019inspiration Bourguignonne rend hommage \u00e0 notre grand-m\u00e8re Yvonne avec qui nous avons plaisir \u00e0 d\u00e9jeuner tous les jours de travail au Domaine\u00a0! Un beau vin de table et de garde, bas\u00e9 sur le Vermentino, et \u00e9lev\u00e9 en foudre pendant 1an\u2026 \u00e0 d\u00e9couvrir\u00a0![\/vc_column_text][vc_empty_space][vc_btn title=&#8221;Voir la fiche technique&#8221; style=&#8221;custom&#8221; custom_background=&#8221;#ac0043&#8243; custom_text=&#8221;#ffffff&#8221; shape=&#8221;square&#8221; align=&#8221;left&#8221; css_animation=&#8221;fadeIn&#8221; link=&#8221;url:https%3A%2F%2Fdomaine-des-amiel.com%2Fwp-content%2Fuploads%2F2023%2F05%2FFT-A-YVONNE-2021-%E2%80%93-AY2021.pdf&#8221;][vc_empty_space][vc_video link=&#8221;https:\/\/www.youtube.com\/watch?v=QgnLDzxvZTk&#8221; align=&#8221;center&#8221; css_animation=&#8221;fadeIn&#8221;][\/vc_column][\/vc_row]<\/p>\n<\/div>","protected":false},"excerpt":{"rendered":"<p>Cette cuv\u00e9e d\u2019inspiration Bourguignonne rend hommage \u00e0 notre grand-m\u00e8re Yvonne avec qui nous avons plaisir \u00e0 d\u00e9jeuner tous les jours de travail au Domaine\u00a0! Un beau vin de table et de garde, bas\u00e9 sur le Vermentino, et \u00e9lev\u00e9 en foudre pendant 1an\u2026 \u00e0 d\u00e9couvrir\u00a0!<\/p>\n","protected":false},"featured_media":6868,"template":"","meta":[],"product_brand":[],"product_cat":[155],"product_tag":[],"class_list":{"0":"post-7973","1":"product","2":"type-product","3":"status-publish","4":"has-post-thumbnail","6":"product_cat-vin-blanc-en","8":"first","9":"instock","10":"shipping-taxable","11":"purchasable","12":"product-type-simple"},"_links":{"self":[{"href":"https:\/\/domaine-des-amiel.com\/en\/wp-json\/wp\/v2\/product\/7973","targetHints":{"allow":["GET"]}}],"collection":[{"href":"https:\/\/domaine-des-amiel.com\/en\/wp-json\/wp\/v2\/product"}],"about":[{"href":"https:\/\/domaine-des-amiel.com\/en\/wp-json\/wp\/v2\/types\/product"}],"wp:featuredmedia":[{"embeddable":true,"href":"https:\/\/domaine-des-amiel.com\/en\/wp-json\/wp\/v2\/media\/6868"}],"wp:attachment":[{"href":"https:\/\/domaine-des-amiel.com\/en\/wp-json\/wp\/v2\/media?parent=7973"}],"wp:term":[{"taxonomy":"product_brand","embeddable":true,"href":"https:\/\/domaine-des-amiel.com\/en\/wp-json\/wp\/v2\/product_brand?post=7973"},{"taxonomy":"product_cat","embeddable":true,"href":"https:\/\/domaine-des-amiel.com\/en\/wp-json\/wp\/v2\/product_cat?post=7973"},{"taxonomy":"product_tag","embeddable":true,"href":"https:\/\/domaine-des-amiel.com\/en\/wp-json\/wp\/v2\/product_tag?post=7973"}],"curies":[{"name":"wp","href":"https:\/\/api.w.org\/{rel}","templated":true}]}}