{"id":7972,"date":"2020-08-31T16:00:27","date_gmt":"2020-08-31T14:00:27","guid":{"rendered":"https:\/\/domaine-des-amiel.com\/shop\/slm-leau-de-vie\/"},"modified":"2026-01-27T14:03:02","modified_gmt":"2026-01-27T13:03:02","slug":"slm-leau-de-vie","status":"publish","type":"product","link":"https:\/\/domaine-des-amiel.com\/en\/shop\/slm-leau-de-vie\/","title":{"rendered":"SLM L&#8217;Eau-de-Vie de Vin"},"content":{"rendered":"<div class=\"wpb-content-wrapper\"><p>[vc_row][vc_column][vc_column_text]Cette eau-de-vie de vin est issue d\u2019une cuv\u00e9e de Grenache Noir 2014, distill\u00e9e dans le style Cognacais, \u00e9lev\u00e9e en barrique pendant 5 ans et doucement \u00ab\u00a0r\u00e9duite\u00a0\u00bb avec de l\u2019eau de source du Parc Naturel du Haut-Languedoc. C\u2019est un alcool noble et pur, pour les amateurs de complexit\u00e9.[\/vc_column_text][vc_empty_space][vc_btn title=&#8221;Voir la fiche technique&#8221; style=&#8221;custom&#8221; custom_background=&#8221;#ac0043&#8243; custom_text=&#8221;#ffffff&#8221; shape=&#8221;square&#8221; align=&#8221;left&#8221; css_animation=&#8221;fadeIn&#8221; link=&#8221;url:https%3A%2F%2Fdomaine-des-amiel.com%2Fwp-content%2Fuploads%2F2020%2F09%2FFT-SLM-EDV-2014-2020.pdf&#8221;][vc_empty_space][vc_video link=&#8221;https:\/\/www.youtube.com\/watch?v=k-3HB-D1k-Y&#8221; align=&#8221;center&#8221; css_animation=&#8221;fadeIn&#8221;][\/vc_column][\/vc_row]<\/p>\n<\/div>","protected":false},"excerpt":{"rendered":"<p>Cette eau-de-vie de vin est issue d\u2019une cuv\u00e9e de Grenache Noir 2014, distill\u00e9e dans le style Cognacais, \u00e9lev\u00e9e en barrique pendant 5 ans et doucement \u00ab\u00a0r\u00e9duite\u00a0\u00bb avec de l\u2019eau de source du Parc Naturel du Haut-Languedoc. C\u2019est un alcool noble et pur, pour les amateurs de complexit\u00e9.<\/p>\n","protected":false},"featured_media":6940,"template":"","meta":[],"product_brand":[],"product_cat":[160],"product_tag":[],"class_list":{"0":"post-7972","1":"product","2":"type-product","3":"status-publish","4":"has-post-thumbnail","6":"product_cat-eau-de-vie-en","8":"first","9":"instock","10":"shipping-taxable","11":"purchasable","12":"product-type-simple"},"_links":{"self":[{"href":"https:\/\/domaine-des-amiel.com\/en\/wp-json\/wp\/v2\/product\/7972","targetHints":{"allow":["GET"]}}],"collection":[{"href":"https:\/\/domaine-des-amiel.com\/en\/wp-json\/wp\/v2\/product"}],"about":[{"href":"https:\/\/domaine-des-amiel.com\/en\/wp-json\/wp\/v2\/types\/product"}],"wp:featuredmedia":[{"embeddable":true,"href":"https:\/\/domaine-des-amiel.com\/en\/wp-json\/wp\/v2\/media\/6940"}],"wp:attachment":[{"href":"https:\/\/domaine-des-amiel.com\/en\/wp-json\/wp\/v2\/media?parent=7972"}],"wp:term":[{"taxonomy":"product_brand","embeddable":true,"href":"https:\/\/domaine-des-amiel.com\/en\/wp-json\/wp\/v2\/product_brand?post=7972"},{"taxonomy":"product_cat","embeddable":true,"href":"https:\/\/domaine-des-amiel.com\/en\/wp-json\/wp\/v2\/product_cat?post=7972"},{"taxonomy":"product_tag","embeddable":true,"href":"https:\/\/domaine-des-amiel.com\/en\/wp-json\/wp\/v2\/product_tag?post=7972"}],"curies":[{"name":"wp","href":"https:\/\/api.w.org\/{rel}","templated":true}]}}