{"id":7971,"date":"2020-08-31T16:11:35","date_gmt":"2020-08-31T14:11:35","guid":{"rendered":"https:\/\/domaine-des-amiel.com\/shop\/lencre-de-guy-2020\/"},"modified":"2025-06-27T11:40:05","modified_gmt":"2025-06-27T09:40:05","slug":"lencre-de-guy-2022","status":"publish","type":"product","link":"https:\/\/domaine-des-amiel.com\/en\/shop\/lencre-de-guy-2022\/","title":{"rendered":"L&#8217;Encre de Guy 2022"},"content":{"rendered":"<div class=\"wpb-content-wrapper\"><p>[vc_row][vc_column][vc_column_text]Cette vendange semi tardive issue d\u2019Alicante Bouschet rend hommage \u00e0 notre grand-oncle Guy Vibarel, passionn\u00e9 d\u2019Histoire et qui a recompos\u00e9 notre arbre g\u00e9n\u00e9alogique. Dans le style d\u2019un Vin Doux Naturel ou d\u2019un Porto, avec moins de sucrosit\u00e9, pour un vin plus digeste\u2026[\/vc_column_text][vc_empty_space][vc_btn title=&#8221;Voir la fiche technique&#8221; style=&#8221;custom&#8221; custom_background=&#8221;#ac0043&#8243; custom_text=&#8221;#ffffff&#8221; shape=&#8221;square&#8221; align=&#8221;left&#8221; css_animation=&#8221;fadeIn&#8221; css=&#8221;&#8221; link=&#8221;url:https%3A%2F%2Fdomaine-des-amiel.com%2Fwp-content%2Fuploads%2F2025%2F06%2FFT-LENCRE-DE-GUY-EG2022.pdf&#8221;][vc_empty_space][vc_video link=&#8221;https:\/\/www.youtube.com\/watch?v=LX6MeN4jQno&#8221; align=&#8221;center&#8221; css_animation=&#8221;fadeIn&#8221;][\/vc_column][\/vc_row]<\/p>\n<\/div>","protected":false},"excerpt":{"rendered":"<p>Cette vendange semi tardive issue d\u2019Alicante Bouschet rend hommage \u00e0 notre grand-oncle Guy Vibarel, passionn\u00e9 d\u2019Histoire et qui a recompos\u00e9 notre arbre g\u00e9n\u00e9alogique. Dans le style d\u2019un Vin Doux Naturel ou d\u2019un Porto, avec moins de sucrosit\u00e9, pour un vin plus digeste\u2026<\/p>\n","protected":false},"featured_media":6963,"template":"","meta":[],"product_brand":[],"product_cat":[157],"product_tag":[],"class_list":{"0":"post-7971","1":"product","2":"type-product","3":"status-publish","4":"has-post-thumbnail","6":"product_cat-moelleux-en","8":"first","9":"instock","10":"shipping-taxable","11":"purchasable","12":"product-type-simple"},"_links":{"self":[{"href":"https:\/\/domaine-des-amiel.com\/en\/wp-json\/wp\/v2\/product\/7971","targetHints":{"allow":["GET"]}}],"collection":[{"href":"https:\/\/domaine-des-amiel.com\/en\/wp-json\/wp\/v2\/product"}],"about":[{"href":"https:\/\/domaine-des-amiel.com\/en\/wp-json\/wp\/v2\/types\/product"}],"wp:featuredmedia":[{"embeddable":true,"href":"https:\/\/domaine-des-amiel.com\/en\/wp-json\/wp\/v2\/media\/6963"}],"wp:attachment":[{"href":"https:\/\/domaine-des-amiel.com\/en\/wp-json\/wp\/v2\/media?parent=7971"}],"wp:term":[{"taxonomy":"product_brand","embeddable":true,"href":"https:\/\/domaine-des-amiel.com\/en\/wp-json\/wp\/v2\/product_brand?post=7971"},{"taxonomy":"product_cat","embeddable":true,"href":"https:\/\/domaine-des-amiel.com\/en\/wp-json\/wp\/v2\/product_cat?post=7971"},{"taxonomy":"product_tag","embeddable":true,"href":"https:\/\/domaine-des-amiel.com\/en\/wp-json\/wp\/v2\/product_tag?post=7971"}],"curies":[{"name":"wp","href":"https:\/\/api.w.org\/{rel}","templated":true}]}}