{"id":7970,"date":"2020-08-31T17:16:54","date_gmt":"2020-08-31T15:16:54","guid":{"rendered":"https:\/\/domaine-des-amiel.com\/shop\/big-black-coq-2022\/"},"modified":"2020-08-31T17:16:54","modified_gmt":"2020-08-31T15:16:54","slug":"big-black-coq-2022","status":"publish","type":"product","link":"https:\/\/domaine-des-amiel.com\/en\/shop\/big-black-coq-2022\/","title":{"rendered":"Big Black Coq 2022"},"content":{"rendered":"<div class=\"wpb-content-wrapper\"><p>[vc_row][vc_column][vc_column_text]Fiert\u00e9 fran\u00e7aise, cette cuv\u00e9e est le ros\u00e9 le plus noir du Monde\u00a0! Pressurage direct d\u2019Alicante Bouschet, le vin a une robe plus noire que nombre de vins rouges, et pourtant, dans le profil, \u00e7a reste un ros\u00e9, avec tr\u00e8s peu de tannins, beaucoup de fruit et une certaine rusticit\u00e9\u2026[\/vc_column_text][vc_empty_space][vc_btn title=&#8221;Voir la fiche technique&#8221; style=&#8221;custom&#8221; custom_background=&#8221;#ac0043&#8243; custom_text=&#8221;#ffffff&#8221; shape=&#8221;square&#8221; align=&#8221;left&#8221; css_animation=&#8221;fadeIn&#8221; link=&#8221;url:https%3A%2F%2Fdomaine-des-amiel.com%2Fwp-content%2Fuploads%2F2023%2F05%2FFT-2022-BIG-BLACK-COQ-%E2%80%93-BBC2022.pdf&#8221;][vc_empty_space][vc_video link=&#8221;https:\/\/www.youtube.com\/watch?v=aXdoR-Z-rxw&#8221; align=&#8221;center&#8221; css_animation=&#8221;fadeIn&#8221;][\/vc_column][\/vc_row]<\/p>\n<\/div>","protected":false},"excerpt":{"rendered":"<p>Fiert\u00e9 fran\u00e7aise, cette cuv\u00e9e est le ros\u00e9 le plus noir du Monde\u00a0! Pressurage direct d\u2019Alicante Bouschet, le vin a une robe plus noire que nombre de vins rouges, et pourtant, dans le profil, \u00e7a reste un ros\u00e9, avec tr\u00e8s peu de tannins, beaucoup de fruit et une certaine rusticit\u00e9\u2026<\/p>\n","protected":false},"featured_media":7009,"template":"","meta":[],"product_brand":[],"product_cat":[154],"product_tag":[],"class_list":{"0":"post-7970","1":"product","2":"type-product","3":"status-publish","4":"has-post-thumbnail","6":"product_cat-vin-rouge-en","8":"first","9":"instock","10":"shipping-taxable","11":"purchasable","12":"product-type-simple"},"_links":{"self":[{"href":"https:\/\/domaine-des-amiel.com\/en\/wp-json\/wp\/v2\/product\/7970","targetHints":{"allow":["GET"]}}],"collection":[{"href":"https:\/\/domaine-des-amiel.com\/en\/wp-json\/wp\/v2\/product"}],"about":[{"href":"https:\/\/domaine-des-amiel.com\/en\/wp-json\/wp\/v2\/types\/product"}],"wp:featuredmedia":[{"embeddable":true,"href":"https:\/\/domaine-des-amiel.com\/en\/wp-json\/wp\/v2\/media\/7009"}],"wp:attachment":[{"href":"https:\/\/domaine-des-amiel.com\/en\/wp-json\/wp\/v2\/media?parent=7970"}],"wp:term":[{"taxonomy":"product_brand","embeddable":true,"href":"https:\/\/domaine-des-amiel.com\/en\/wp-json\/wp\/v2\/product_brand?post=7970"},{"taxonomy":"product_cat","embeddable":true,"href":"https:\/\/domaine-des-amiel.com\/en\/wp-json\/wp\/v2\/product_cat?post=7970"},{"taxonomy":"product_tag","embeddable":true,"href":"https:\/\/domaine-des-amiel.com\/en\/wp-json\/wp\/v2\/product_tag?post=7970"}],"curies":[{"name":"wp","href":"https:\/\/api.w.org\/{rel}","templated":true}]}}