{"id":7969,"date":"2020-08-31T17:33:29","date_gmt":"2020-08-31T15:33:29","guid":{"rendered":"https:\/\/domaine-des-amiel.com\/shop\/farem-tot-petar-2022\/"},"modified":"2026-01-27T14:01:58","modified_gmt":"2026-01-27T13:01:58","slug":"farem-tot-petar-2024","status":"publish","type":"product","link":"https:\/\/domaine-des-amiel.com\/en\/shop\/farem-tot-petar-2024\/","title":{"rendered":"Farem Tot Petar 2024"},"content":{"rendered":"<div class=\"wpb-content-wrapper\"><p>[vc_row][vc_column][vc_column_text]\u201cOn va tout faire p\u00e9ter !\u201d avec ce p\u00e9tillant naturel ros\u00e9 \u00e0 base de Syrah &amp; Carignan. Une bulle d\u2019ap\u00e9ritif, avec peu de sucre r\u00e9siduel, qui r\u00e9veillera vos papilles ! Un hommage aux manifestations vigneronnes du si\u00e8cle dernier, \u00e0 boire 24h\/24\u00a0![\/vc_column_text][vc_empty_space][vc_btn title=&#8221;Voir la fiche technique&#8221; style=&#8221;custom&#8221; custom_background=&#8221;#ac0043&#8243; custom_text=&#8221;#ffffff&#8221; shape=&#8221;square&#8221; align=&#8221;left&#8221; css_animation=&#8221;fadeIn&#8221; link=&#8221;url:https%3A%2F%2Fdomaine-des-amiel.com%2Fwp-content%2Fuploads%2F2023%2F05%2FFT-2022-FAREM-TOT-PETAR-FTP2022.pdf&#8221;][vc_empty_space][vc_video link=&#8221;https:\/\/www.youtube.com\/watch?v=uJghWd_uPkQ&#8221; align=&#8221;center&#8221; css_animation=&#8221;fadeIn&#8221;][\/vc_column][\/vc_row]<\/p>\n<\/div>","protected":false},"excerpt":{"rendered":"<p>\u201cOn va tout faire p\u00e9ter !\u201d avec ce p\u00e9tillant naturel ros\u00e9 \u00e0 base de Syrah &amp; Carignan. Une bulle d\u2019ap\u00e9ritif, avec tr\u00e8s peu de sucre r\u00e9siduel, qui r\u00e9veillera vos papilles ! Un hommage aux manifestations vigneronnes du si\u00e8cle dernier, \u00e0 boire 24h\/24\u00a0!<\/p>\n","protected":false},"featured_media":7033,"template":"","meta":[],"product_brand":[],"product_cat":[159],"product_tag":[],"class_list":{"0":"post-7969","1":"product","2":"type-product","3":"status-publish","4":"has-post-thumbnail","6":"product_cat-vin-petillant-en","8":"first","9":"outofstock","10":"shipping-taxable","11":"purchasable","12":"product-type-simple"},"_links":{"self":[{"href":"https:\/\/domaine-des-amiel.com\/en\/wp-json\/wp\/v2\/product\/7969","targetHints":{"allow":["GET"]}}],"collection":[{"href":"https:\/\/domaine-des-amiel.com\/en\/wp-json\/wp\/v2\/product"}],"about":[{"href":"https:\/\/domaine-des-amiel.com\/en\/wp-json\/wp\/v2\/types\/product"}],"wp:featuredmedia":[{"embeddable":true,"href":"https:\/\/domaine-des-amiel.com\/en\/wp-json\/wp\/v2\/media\/7033"}],"wp:attachment":[{"href":"https:\/\/domaine-des-amiel.com\/en\/wp-json\/wp\/v2\/media?parent=7969"}],"wp:term":[{"taxonomy":"product_brand","embeddable":true,"href":"https:\/\/domaine-des-amiel.com\/en\/wp-json\/wp\/v2\/product_brand?post=7969"},{"taxonomy":"product_cat","embeddable":true,"href":"https:\/\/domaine-des-amiel.com\/en\/wp-json\/wp\/v2\/product_cat?post=7969"},{"taxonomy":"product_tag","embeddable":true,"href":"https:\/\/domaine-des-amiel.com\/en\/wp-json\/wp\/v2\/product_tag?post=7969"}],"curies":[{"name":"wp","href":"https:\/\/api.w.org\/{rel}","templated":true}]}}