{"id":7967,"date":"2020-08-31T17:49:01","date_gmt":"2020-08-31T15:49:01","guid":{"rendered":"https:\/\/domaine-des-amiel.com\/shop\/slm-cartagene-2018\/"},"modified":"2020-08-31T17:49:01","modified_gmt":"2020-08-31T15:49:01","slug":"slm-cartagene-2018","status":"publish","type":"product","link":"https:\/\/domaine-des-amiel.com\/en\/shop\/slm-cartagene-2018\/","title":{"rendered":"SLM Cartag\u00e8ne 2018"},"content":{"rendered":"<div class=\"wpb-content-wrapper\"><p>[vc_row][vc_column][vc_column_text]Cet ap\u00e9ritif ou liqueur est fait avec du jus de raisin blanc (Vermentino) directement mut\u00e9 avec notre propre eau-de-vie de vin. On garde ainsi toute la sucrosit\u00e9 et le fruit du raisin frais. Nous vendangeons en sous-maturit\u00e9 pour conserver aussi une bonne acidit\u00e9. Gourmand\u00a0![\/vc_column_text][vc_empty_space][vc_btn title=&#8221;Voir la fiche technique&#8221; style=&#8221;custom&#8221; custom_background=&#8221;#ac0043&#8243; custom_text=&#8221;#ffffff&#8221; shape=&#8221;square&#8221; align=&#8221;left&#8221; css_animation=&#8221;fadeIn&#8221; link=&#8221;url:https%3A%2F%2Fdomaine-des-amiel.com%2Fwp-content%2Fuploads%2F2020%2F09%2FFT-SLM-CARTA-2017.pdf&#8221;][vc_empty_space][vc_video link=&#8221;https:\/\/www.youtube.com\/watch?v=hLTyFgZP_nA&#8221; align=&#8221;center&#8221; css_animation=&#8221;fadeIn&#8221;][\/vc_column][\/vc_row]<\/p>\n<\/div>","protected":false},"excerpt":{"rendered":"<p>Cet ap\u00e9ritif ou liqueur est fait avec du jus de raisin blanc (Vermentino) directement mut\u00e9 avec notre propre eau-de-vie de vin. On garde ainsi toute la sucrosit\u00e9 et le fruit du raisin frais. Nous vendangeons en sous-maturit\u00e9 pour conserver aussi une bonne acidit\u00e9. Gourmand\u00a0!<\/p>\n","protected":false},"featured_media":7082,"template":"","meta":[],"product_brand":[],"product_cat":[158],"product_tag":[],"class_list":{"0":"post-7967","1":"product","2":"type-product","3":"status-publish","4":"has-post-thumbnail","6":"product_cat-vin-doux-en","8":"first","9":"instock","10":"shipping-taxable","11":"purchasable","12":"product-type-simple"},"_links":{"self":[{"href":"https:\/\/domaine-des-amiel.com\/en\/wp-json\/wp\/v2\/product\/7967","targetHints":{"allow":["GET"]}}],"collection":[{"href":"https:\/\/domaine-des-amiel.com\/en\/wp-json\/wp\/v2\/product"}],"about":[{"href":"https:\/\/domaine-des-amiel.com\/en\/wp-json\/wp\/v2\/types\/product"}],"wp:featuredmedia":[{"embeddable":true,"href":"https:\/\/domaine-des-amiel.com\/en\/wp-json\/wp\/v2\/media\/7082"}],"wp:attachment":[{"href":"https:\/\/domaine-des-amiel.com\/en\/wp-json\/wp\/v2\/media?parent=7967"}],"wp:term":[{"taxonomy":"product_brand","embeddable":true,"href":"https:\/\/domaine-des-amiel.com\/en\/wp-json\/wp\/v2\/product_brand?post=7967"},{"taxonomy":"product_cat","embeddable":true,"href":"https:\/\/domaine-des-amiel.com\/en\/wp-json\/wp\/v2\/product_cat?post=7967"},{"taxonomy":"product_tag","embeddable":true,"href":"https:\/\/domaine-des-amiel.com\/en\/wp-json\/wp\/v2\/product_tag?post=7967"}],"curies":[{"name":"wp","href":"https:\/\/api.w.org\/{rel}","templated":true}]}}