{"id":7966,"date":"2020-08-31T17:57:13","date_gmt":"2020-08-31T15:57:13","guid":{"rendered":"https:\/\/domaine-des-amiel.com\/shop\/le-rolle-dans-la-peau-2022\/"},"modified":"2026-02-04T15:09:18","modified_gmt":"2026-02-04T14:09:18","slug":"le-rolle-dans-la-peau-2024","status":"publish","type":"product","link":"https:\/\/domaine-des-amiel.com\/en\/shop\/le-rolle-dans-la-peau-2024\/","title":{"rendered":"Le Rolle dans la Peau 2024"},"content":{"rendered":"<div class=\"wpb-content-wrapper\"><p>[vc_row][vc_column][vc_column_text]Les m\u00eames raisins que \u00ab\u00a0Premier Rolle\u00a0\u00bb vendang\u00e9s un chouilla plus tard et vinifi\u00e9s avec les peaux, comme un vin rouge. Une bonne introduction aux vins oranges, une cuv\u00e9e p\u00e9dagogique qui montre l\u2019impact de la mac\u00e9ration sur l\u2019aromatique et la structure du vin\u2026[\/vc_column_text][vc_empty_space][vc_btn title=&#8221;Voir la fiche technique&#8221; style=&#8221;custom&#8221; custom_background=&#8221;#ac0043&#8243; custom_text=&#8221;#ffffff&#8221; shape=&#8221;square&#8221; align=&#8221;left&#8221; css_animation=&#8221;fadeIn&#8221; css=&#8221;&#8221; link=&#8221;url:https%3A%2F%2Fdomaine-des-amiel.com%2Fwp-content%2Fuploads%2F2026%2F02%2FFT-2024-LE-ROLLE-DANS-LA-PEAU-%E2%80%93-RDP2024.pdf&#8221;][vc_empty_space][vc_video link=&#8221;https:\/\/youtu.be\/2Q4Im40fsxE&#8221; align=&#8221;center&#8221; css_animation=&#8221;fadeIn&#8221;][\/vc_column][\/vc_row]<\/p>\n<\/div>","protected":false},"excerpt":{"rendered":"<p>Les m\u00eames raisins que \u00ab\u00a0Premier Rolle\u00a0\u00bb vendang\u00e9s un chouilla plus tard et vinifi\u00e9s avec les peaux, comme un vin rouge. Une bonne introduction aux vins oranges, une cuv\u00e9e p\u00e9dagogique qui montre l\u2019impact de la mac\u00e9ration sur l\u2019aromatique et la structure du vin\u2026<\/p>\n","protected":false},"featured_media":7105,"template":"","meta":[],"product_brand":[],"product_cat":[156],"product_tag":[],"class_list":{"0":"post-7966","1":"product","2":"type-product","3":"status-publish","4":"has-post-thumbnail","6":"product_cat-vin-orange-en","8":"first","9":"instock","10":"shipping-taxable","11":"purchasable","12":"product-type-simple"},"_links":{"self":[{"href":"https:\/\/domaine-des-amiel.com\/en\/wp-json\/wp\/v2\/product\/7966","targetHints":{"allow":["GET"]}}],"collection":[{"href":"https:\/\/domaine-des-amiel.com\/en\/wp-json\/wp\/v2\/product"}],"about":[{"href":"https:\/\/domaine-des-amiel.com\/en\/wp-json\/wp\/v2\/types\/product"}],"wp:featuredmedia":[{"embeddable":true,"href":"https:\/\/domaine-des-amiel.com\/en\/wp-json\/wp\/v2\/media\/7105"}],"wp:attachment":[{"href":"https:\/\/domaine-des-amiel.com\/en\/wp-json\/wp\/v2\/media?parent=7966"}],"wp:term":[{"taxonomy":"product_brand","embeddable":true,"href":"https:\/\/domaine-des-amiel.com\/en\/wp-json\/wp\/v2\/product_brand?post=7966"},{"taxonomy":"product_cat","embeddable":true,"href":"https:\/\/domaine-des-amiel.com\/en\/wp-json\/wp\/v2\/product_cat?post=7966"},{"taxonomy":"product_tag","embeddable":true,"href":"https:\/\/domaine-des-amiel.com\/en\/wp-json\/wp\/v2\/product_tag?post=7966"}],"curies":[{"name":"wp","href":"https:\/\/api.w.org\/{rel}","templated":true}]}}