{"id":7965,"date":"2020-09-01T16:32:16","date_gmt":"2020-09-01T14:32:16","guid":{"rendered":"https:\/\/domaine-des-amiel.com\/shop\/slm-le-vermouth\/"},"modified":"2025-06-27T11:38:31","modified_gmt":"2025-06-27T09:38:31","slug":"slm-le-vermouth","status":"publish","type":"product","link":"https:\/\/domaine-des-amiel.com\/en\/shop\/slm-le-vermouth\/","title":{"rendered":"SLM Le Vermouth"},"content":{"rendered":"<div class=\"wpb-content-wrapper\"><p>[vc_row][vc_column][vc_column_text]Cette cuv\u00e9e n\u2019a de Vermouth que le nom et le style, car il n\u2019y a pas eu de mac\u00e9ration d\u2019\u00e9pices ou de fruits. Du vin, du jus de raisin, de l\u2019eau-de-vie, le tout issu de divers mill\u00e9simes et \u00e9lev\u00e9 en barriques plusieurs ann\u00e9es dans un style rancio\u2026 Addictif \u00e0 l\u2019ap\u00e9ritif avec un zeste d\u2019orange et un gla\u00e7on\u00a0![\/vc_column_text][vc_empty_space][vc_btn title=&#8221;Voir la fiche technique&#8221; style=&#8221;custom&#8221; custom_background=&#8221;#ac0043&#8243; custom_text=&#8221;#ffffff&#8221; shape=&#8221;square&#8221; align=&#8221;left&#8221; css_animation=&#8221;fadeIn&#8221; css=&#8221;&#8221; link=&#8221;url:https%3A%2F%2Fdomaine-des-amiel.com%2Fwp-content%2Fuploads%2F2025%2F06%2FFT-SLM-VERMOUTH-NV-2022-VERM2022.pdf&#8221;][vc_empty_space][vc_video link=&#8221;https:\/\/www.youtube.com\/watch?v=lqu4D_xHVh8&#8243; align=&#8221;center&#8221; css_animation=&#8221;fadeIn&#8221;][\/vc_column][\/vc_row]<\/p>\n<\/div>","protected":false},"excerpt":{"rendered":"<p>Cette cuv\u00e9e n\u2019a de Vermouth que le nom et le style, car il n\u2019y a pas eu de mac\u00e9ration d\u2019\u00e9pices ou de fruits. Du vin, du jus de raisin, de l\u2019eau-de-vie, le tout issu de divers mill\u00e9simes et \u00e9lev\u00e9 en barriques plusieurs ann\u00e9es dans un style rancio\u2026 Addictif \u00e0 l\u2019ap\u00e9ritif avec un zeste d\u2019orange et un gla\u00e7on\u00a0!<\/p>\n","protected":false},"featured_media":7140,"template":"","meta":[],"product_brand":[],"product_cat":[157],"product_tag":[],"class_list":{"0":"post-7965","1":"product","2":"type-product","3":"status-publish","4":"has-post-thumbnail","6":"product_cat-moelleux-en","8":"first","9":"instock","10":"shipping-taxable","11":"purchasable","12":"product-type-simple"},"_links":{"self":[{"href":"https:\/\/domaine-des-amiel.com\/en\/wp-json\/wp\/v2\/product\/7965","targetHints":{"allow":["GET"]}}],"collection":[{"href":"https:\/\/domaine-des-amiel.com\/en\/wp-json\/wp\/v2\/product"}],"about":[{"href":"https:\/\/domaine-des-amiel.com\/en\/wp-json\/wp\/v2\/types\/product"}],"wp:featuredmedia":[{"embeddable":true,"href":"https:\/\/domaine-des-amiel.com\/en\/wp-json\/wp\/v2\/media\/7140"}],"wp:attachment":[{"href":"https:\/\/domaine-des-amiel.com\/en\/wp-json\/wp\/v2\/media?parent=7965"}],"wp:term":[{"taxonomy":"product_brand","embeddable":true,"href":"https:\/\/domaine-des-amiel.com\/en\/wp-json\/wp\/v2\/product_brand?post=7965"},{"taxonomy":"product_cat","embeddable":true,"href":"https:\/\/domaine-des-amiel.com\/en\/wp-json\/wp\/v2\/product_cat?post=7965"},{"taxonomy":"product_tag","embeddable":true,"href":"https:\/\/domaine-des-amiel.com\/en\/wp-json\/wp\/v2\/product_tag?post=7965"}],"curies":[{"name":"wp","href":"https:\/\/api.w.org\/{rel}","templated":true}]}}