{"id":7964,"date":"2020-09-01T16:39:26","date_gmt":"2020-09-01T14:39:26","guid":{"rendered":"https:\/\/domaine-des-amiel.com\/shop\/slm-rouge-2020\/"},"modified":"2020-09-01T16:39:26","modified_gmt":"2020-09-01T14:39:26","slug":"slm-rouge-2020","status":"publish","type":"product","link":"https:\/\/domaine-des-amiel.com\/en\/shop\/slm-rouge-2020\/","title":{"rendered":"SLM Rouge 2020"},"content":{"rendered":"<div class=\"wpb-content-wrapper\"><p>[vc_row][vc_column][vc_column_text]Ici nous avons voulu cr\u00e9er une cuv\u00e9e \u00e0 petit prix pour ceux qui aiment les vins puissants. Assemblage de composants ayant \u00e0 la fois des tannins, de l\u2019acidit\u00e9, une certaine rusticit\u00e9, le tout sans \u00e9levage particulier, pour garder la simplicit\u00e9 du fruit. Un vin du quotidien.[\/vc_column_text][vc_empty_space][vc_btn title=&#8221;Voir la fiche technique&#8221; style=&#8221;custom&#8221; custom_background=&#8221;#ac0043&#8243; custom_text=&#8221;#ffffff&#8221; shape=&#8221;square&#8221; align=&#8221;left&#8221; css_animation=&#8221;fadeIn&#8221; link=&#8221;url:https%3A%2F%2Fdomaine-des-amiel.com%2Fwp-content%2Fuploads%2F2021%2F05%2FFT-SLM-ROUGE-2020.pdf&#8221;][vc_empty_space][vc_video link=&#8221;https:\/\/www.youtube.com\/watch?v=F0S8MJUYj_k&#8221; align=&#8221;center&#8221; css_animation=&#8221;fadeIn&#8221;][\/vc_column][\/vc_row]<\/p>\n<\/div>","protected":false},"excerpt":{"rendered":"<p>Ici nous avons voulu cr\u00e9er une cuv\u00e9e \u00e0 petit prix pour ceux qui aiment les vins puissants. Assemblage de composants ayant \u00e0 la fois des tannins, de l\u2019acidit\u00e9, une certaine rusticit\u00e9, le tout sans \u00e9levage particulier, pour garder la simplicit\u00e9 du fruit. Un vin du quotidien.<\/p>\n","protected":false},"featured_media":7151,"template":"","meta":[],"product_brand":[],"product_cat":[154],"product_tag":[],"class_list":{"0":"post-7964","1":"product","2":"type-product","3":"status-publish","4":"has-post-thumbnail","6":"product_cat-vin-rouge-en","8":"first","9":"instock","10":"shipping-taxable","11":"purchasable","12":"product-type-simple"},"_links":{"self":[{"href":"https:\/\/domaine-des-amiel.com\/en\/wp-json\/wp\/v2\/product\/7964","targetHints":{"allow":["GET"]}}],"collection":[{"href":"https:\/\/domaine-des-amiel.com\/en\/wp-json\/wp\/v2\/product"}],"about":[{"href":"https:\/\/domaine-des-amiel.com\/en\/wp-json\/wp\/v2\/types\/product"}],"wp:featuredmedia":[{"embeddable":true,"href":"https:\/\/domaine-des-amiel.com\/en\/wp-json\/wp\/v2\/media\/7151"}],"wp:attachment":[{"href":"https:\/\/domaine-des-amiel.com\/en\/wp-json\/wp\/v2\/media?parent=7964"}],"wp:term":[{"taxonomy":"product_brand","embeddable":true,"href":"https:\/\/domaine-des-amiel.com\/en\/wp-json\/wp\/v2\/product_brand?post=7964"},{"taxonomy":"product_cat","embeddable":true,"href":"https:\/\/domaine-des-amiel.com\/en\/wp-json\/wp\/v2\/product_cat?post=7964"},{"taxonomy":"product_tag","embeddable":true,"href":"https:\/\/domaine-des-amiel.com\/en\/wp-json\/wp\/v2\/product_tag?post=7964"}],"curies":[{"name":"wp","href":"https:\/\/api.w.org\/{rel}","templated":true}]}}