{"id":7963,"date":"2020-09-01T17:07:51","date_gmt":"2020-09-01T15:07:51","guid":{"rendered":"https:\/\/domaine-des-amiel.com\/shop\/slm-orange-2021\/"},"modified":"2025-01-14T09:37:42","modified_gmt":"2025-01-14T08:37:42","slug":"slm-orange-2022","status":"publish","type":"product","link":"https:\/\/domaine-des-amiel.com\/en\/shop\/slm-orange-2022\/","title":{"rendered":"SLM Orange 2022"},"content":{"rendered":"<div class=\"wpb-content-wrapper\"><p>[vc_row][vc_column][vc_column_text css=&#8221;&#8221;]Du raisin blanc, ici Grenache Blanc &amp; Chenin, vinifi\u00e9 comme un vin rouge (le jus reste en contact avec la peau pendant plusieurs semaines). Le r\u00e9sultat est un vin \u00e0 la robe dor\u00e9e\/orang\u00e9e, au nez tr\u00e8s complexe et \u00e0 la bouche alliant acidit\u00e9 d\u2019un blanc et tannins d\u2019un rouge. A gouter ![\/vc_column_text][vc_empty_space][vc_btn title=&#8221;Voir la fiche technique&#8221; style=&#8221;custom&#8221; custom_background=&#8221;#ac0043&#8243; custom_text=&#8221;#ffffff&#8221; shape=&#8221;square&#8221; align=&#8221;left&#8221; css_animation=&#8221;fadeIn&#8221; css=&#8221;&#8221; link=&#8221;url:https%3A%2F%2Fdomaine-des-amiel.com%2Fwp-content%2Fuploads%2F2025%2F01%2FFT-SLM-ORANGE-2022-ORA2022.pdf&#8221;][vc_empty_space][vc_video link=&#8221;https:\/\/www.youtube.com\/watch?v=PiG0QRpoDzw&#8221; align=&#8221;center&#8221; css_animation=&#8221;fadeIn&#8221;][\/vc_column][\/vc_row]<\/p>\n<\/div>","protected":false},"excerpt":{"rendered":"<p>Du raisin blanc, ici Grenache Blanc &amp; Chenin, vinifi\u00e9 comme un vin rouge (le jus reste en contact avec la peau pendant plusieurs semaines). Le r\u00e9sultat est un vin \u00e0 la robe dor\u00e9e\/orang\u00e9e, au nez tr\u00e8s complexe et \u00e0 la bouche alliant acidit\u00e9 d\u2019un blanc et tannins d\u2019un rouge. A gouter !<\/p>\n","protected":false},"featured_media":7198,"template":"","meta":[],"product_brand":[],"product_cat":[155,156],"product_tag":[],"class_list":{"0":"post-7963","1":"product","2":"type-product","3":"status-publish","4":"has-post-thumbnail","6":"product_cat-vin-blanc-en","7":"product_cat-vin-orange-en","9":"first","10":"instock","11":"shipping-taxable","12":"purchasable","13":"product-type-simple"},"_links":{"self":[{"href":"https:\/\/domaine-des-amiel.com\/en\/wp-json\/wp\/v2\/product\/7963","targetHints":{"allow":["GET"]}}],"collection":[{"href":"https:\/\/domaine-des-amiel.com\/en\/wp-json\/wp\/v2\/product"}],"about":[{"href":"https:\/\/domaine-des-amiel.com\/en\/wp-json\/wp\/v2\/types\/product"}],"wp:featuredmedia":[{"embeddable":true,"href":"https:\/\/domaine-des-amiel.com\/en\/wp-json\/wp\/v2\/media\/7198"}],"wp:attachment":[{"href":"https:\/\/domaine-des-amiel.com\/en\/wp-json\/wp\/v2\/media?parent=7963"}],"wp:term":[{"taxonomy":"product_brand","embeddable":true,"href":"https:\/\/domaine-des-amiel.com\/en\/wp-json\/wp\/v2\/product_brand?post=7963"},{"taxonomy":"product_cat","embeddable":true,"href":"https:\/\/domaine-des-amiel.com\/en\/wp-json\/wp\/v2\/product_cat?post=7963"},{"taxonomy":"product_tag","embeddable":true,"href":"https:\/\/domaine-des-amiel.com\/en\/wp-json\/wp\/v2\/product_tag?post=7963"}],"curies":[{"name":"wp","href":"https:\/\/api.w.org\/{rel}","templated":true}]}}