{"id":7962,"date":"2020-09-14T14:13:06","date_gmt":"2020-09-14T12:13:06","guid":{"rendered":"https:\/\/domaine-des-amiel.com\/shop\/mounto-daballo-2022\/"},"modified":"2024-04-24T07:29:12","modified_gmt":"2024-04-24T05:29:12","slug":"mounto-daballo-2023","status":"publish","type":"product","link":"https:\/\/domaine-des-amiel.com\/en\/shop\/mounto-daballo-2023\/","title":{"rendered":"Mounto Daballo 2023"},"content":{"rendered":"<div class=\"wpb-content-wrapper\"><p>[vc_row][vc_column][vc_column_text]Signifiant \u00ab\u00a0Monte &amp; Descend\u00a0\u00bb en Occitan, cette cuv\u00e9e est toujours bas\u00e9e sur le Cinsault, accompagn\u00e9 de divers compagnons selon les mill\u00e9simes. L\u2019esprit est toujours le m\u00eame\u00a0: un vin \u00e0 boire plus vite que votre ombre, \u00e0 toute heure\u00a0![\/vc_column_text][vc_empty_space][vc_btn title=&#8221;Voir la fiche technique&#8221; style=&#8221;custom&#8221; custom_background=&#8221;#ac0043&#8243; custom_text=&#8221;#ffffff&#8221; shape=&#8221;square&#8221; align=&#8221;left&#8221; css_animation=&#8221;fadeIn&#8221; link=&#8221;url:https%3A%2F%2Fdomaine-des-amiel.com%2Fwp-content%2Fuploads%2F2024%2F04%2FFT-2023-MOUNTO-DABALLO-%E2%80%93-MD2023.pdf&#8221;][vc_empty_space][vc_video link=&#8221;https:\/\/www.youtube.com\/watch?v=nr3L7EZ3LsU&#8221; align=&#8221;center&#8221; css_animation=&#8221;fadeIn&#8221;][\/vc_column][\/vc_row]<\/p>\n<\/div>","protected":false},"excerpt":{"rendered":"<p>Signifiant \u00ab\u00a0Monte &amp; Descend\u00a0\u00bb en Occitan, cette cuv\u00e9e est toujours bas\u00e9e sur le Cinsault, accompagn\u00e9 de divers compagnons selon les mill\u00e9simes. L\u2019esprit est toujours le m\u00eame\u00a0: un vin \u00e0 boire plus vite que votre ombre, \u00e0 toute heure\u00a0!<\/p>\n","protected":false},"featured_media":7427,"template":"","meta":[],"product_brand":[],"product_cat":[154],"product_tag":[],"class_list":{"0":"post-7962","1":"product","2":"type-product","3":"status-publish","4":"has-post-thumbnail","6":"product_cat-vin-rouge-en","8":"first","9":"instock","10":"shipping-taxable","11":"purchasable","12":"product-type-simple"},"_links":{"self":[{"href":"https:\/\/domaine-des-amiel.com\/en\/wp-json\/wp\/v2\/product\/7962","targetHints":{"allow":["GET"]}}],"collection":[{"href":"https:\/\/domaine-des-amiel.com\/en\/wp-json\/wp\/v2\/product"}],"about":[{"href":"https:\/\/domaine-des-amiel.com\/en\/wp-json\/wp\/v2\/types\/product"}],"wp:featuredmedia":[{"embeddable":true,"href":"https:\/\/domaine-des-amiel.com\/en\/wp-json\/wp\/v2\/media\/7427"}],"wp:attachment":[{"href":"https:\/\/domaine-des-amiel.com\/en\/wp-json\/wp\/v2\/media?parent=7962"}],"wp:term":[{"taxonomy":"product_brand","embeddable":true,"href":"https:\/\/domaine-des-amiel.com\/en\/wp-json\/wp\/v2\/product_brand?post=7962"},{"taxonomy":"product_cat","embeddable":true,"href":"https:\/\/domaine-des-amiel.com\/en\/wp-json\/wp\/v2\/product_cat?post=7962"},{"taxonomy":"product_tag","embeddable":true,"href":"https:\/\/domaine-des-amiel.com\/en\/wp-json\/wp\/v2\/product_tag?post=7962"}],"curies":[{"name":"wp","href":"https:\/\/api.w.org\/{rel}","templated":true}]}}