{"id":7957,"date":"2021-10-28T06:47:48","date_gmt":"2021-10-28T04:47:48","guid":{"rendered":"https:\/\/domaine-des-amiel.com\/shop\/carillon-2020\/"},"modified":"2025-10-05T13:24:27","modified_gmt":"2025-10-05T11:24:27","slug":"carillon-2021","status":"publish","type":"product","link":"https:\/\/domaine-des-amiel.com\/en\/shop\/carillon-2021\/","title":{"rendered":"Carillon 2021"},"content":{"rendered":"<div class=\"wpb-content-wrapper\"><p>[vc_row][vc_column][vc_column_text]Cette cuv\u00e9e 100% Carignan met \u00e0 l&#8217;honneur une petite parcelle plant\u00e9e en 1983 par notre grand-p\u00e8re Jean pour la naissance de Jordan&#8230; Elev\u00e9e 12 mois dans une jarre en gr\u00e8s elle ravira les amoureux de ce beau c\u00e9page ![\/vc_column_text][vc_empty_space][vc_btn title=&#8221;Voir la fiche technique&#8221; style=&#8221;custom&#8221; custom_background=&#8221;#ac0043&#8243; custom_text=&#8221;#ffffff&#8221; shape=&#8221;square&#8221; align=&#8221;left&#8221; css_animation=&#8221;fadeIn&#8221; css=&#8221;&#8221; link=&#8221;url:https%3A%2F%2Fdomaine-des-amiel.com%2Fwp-content%2Fuploads%2F2025%2F10%2FFT-2021-CARILLON-%E2%80%93-CA2021.pdf&#8221;][vc_empty_space][vc_video link=&#8221;https:\/\/www.youtube.com\/watch?v=smft8JcBfkU&#8221; align=&#8221;center&#8221; css_animation=&#8221;fadeIn&#8221;][\/vc_column][\/vc_row]<\/p>\n<\/div>","protected":false},"excerpt":{"rendered":"<p>Cette cuv\u00e9e 100% Carignan met \u00e0 l&#8217;honneur une petite parcelle plant\u00e9e en 1983 par notre grand-p\u00e8re Jean pour la naissance de Jordan&#8230; Elev\u00e9e 12 mois dans une jarre en gr\u00e8s elle ravira les amoureux de ce beau c\u00e9page !<\/p>\n","protected":false},"featured_media":7750,"template":"","meta":[],"product_brand":[],"product_cat":[154],"product_tag":[],"class_list":{"0":"post-7957","1":"product","2":"type-product","3":"status-publish","4":"has-post-thumbnail","6":"product_cat-vin-rouge-en","8":"first","9":"instock","10":"shipping-taxable","11":"purchasable","12":"product-type-simple"},"_links":{"self":[{"href":"https:\/\/domaine-des-amiel.com\/en\/wp-json\/wp\/v2\/product\/7957","targetHints":{"allow":["GET"]}}],"collection":[{"href":"https:\/\/domaine-des-amiel.com\/en\/wp-json\/wp\/v2\/product"}],"about":[{"href":"https:\/\/domaine-des-amiel.com\/en\/wp-json\/wp\/v2\/types\/product"}],"wp:featuredmedia":[{"embeddable":true,"href":"https:\/\/domaine-des-amiel.com\/en\/wp-json\/wp\/v2\/media\/7750"}],"wp:attachment":[{"href":"https:\/\/domaine-des-amiel.com\/en\/wp-json\/wp\/v2\/media?parent=7957"}],"wp:term":[{"taxonomy":"product_brand","embeddable":true,"href":"https:\/\/domaine-des-amiel.com\/en\/wp-json\/wp\/v2\/product_brand?post=7957"},{"taxonomy":"product_cat","embeddable":true,"href":"https:\/\/domaine-des-amiel.com\/en\/wp-json\/wp\/v2\/product_cat?post=7957"},{"taxonomy":"product_tag","embeddable":true,"href":"https:\/\/domaine-des-amiel.com\/en\/wp-json\/wp\/v2\/product_tag?post=7957"}],"curies":[{"name":"wp","href":"https:\/\/api.w.org\/{rel}","templated":true}]}}