{"id":8001,"date":"2020-06-16T15:19:11","date_gmt":"2020-06-16T13:19:11","guid":{"rendered":"https:\/\/domaine-des-amiel.com\/mentions-legales\/"},"modified":"2024-04-02T14:41:48","modified_gmt":"2024-04-02T12:41:48","slug":"mentions-legales","status":"publish","type":"page","link":"https:\/\/domaine-des-amiel.com\/en\/mentions-legales\/","title":{"rendered":"Mentions l\u00e9gales"},"content":{"rendered":"<div class=\"wpb-content-wrapper\">[vc_row][vc_column][vc_column_text]\r\n<h2>Appartenance<\/h2>\r\n<!-- \/wp:post-content --><!-- wp:paragraph -->Conformement aux ali\u00e9nations des articles 6-III et 19 de la l\u1ed7i Pour la Confiance Dans l\u2019Economie Num\u00e9rique, nous vous informons Que:\r\n\r\nLe pr\u00e9sent site Internet est \u00e9dit\u00e9 par\r\n\r\nLa soci\u00e9t\u00e9 AMIEL FRERES SAS, Soci\u00e9t\u00e9 par actions simplifi\u00e9e au capital social de 2 000,00 euros\r\nDont le si\u00e8ge social est situ\u00e9 au 19 PLAN DIDEROT, 34290 MONTBLANC\r\nsous le num\u00e9ro SIRET : 813 154 283 00010 RCS Montpellier\r\nE-mail : contact(at)domainedesamiel.com\r\nT\u00e9l\u00e9phone : (+33) 6 83 82 21 80[\/vc_column_text][vc_empty_space][vc_column_text]\r\n<h2>Droits de propri\u00e9t\u00e9 intellectuelle<\/h2>\r\n<!-- \/wp:paragraph --><!-- wp:paragraph -->Nous avisons les internautes que la totalit\u00e9 des \u00e9l\u00e9ments composant le Site :\r\n\r\nest prot\u00e9g\u00e9e par la l\u00e9gislation sur le droit d\u2019auteur : ce peut \u00eatre notamment des photographies, des dessins, des s\u00e9quences, des phonogrammes, des vid\u00e9oclips, \u2026 ;\r\nest prot\u00e9g\u00e9e par la l\u00e9gislation sur les marques : ce peut \u00eatre notamment les logos, symboles, \u2026\r\nLes droits relatifs \u00e0 ces \u00e9l\u00e9ments sont r\u00e9serv\u00e9s. En cons\u00e9quence, toute reproduction, repr\u00e9sentation, utilisation, adaptation, modification, incorporation, traduction, commercialisation, partielles ou int\u00e9grales par quelque proc\u00e9d\u00e9 et sur quelque support que ce soit (papier, num\u00e9rique,\u2026) sont interdites sans l\u2019autorisation \u00e9crite pr\u00e9alable du ou des auteur(s), sous r\u00e9serve des exceptions vis\u00e9es \u00e0 l\u2019article L122.5 du Code de la Propri\u00e9t\u00e9 Intellectuelle, sous peine de constituer un d\u00e9lit de contrefa\u00e7on de droit d\u2019auteur et\/ou de dessins et mod\u00e8les et\/ou de marque, puni de deux ans d\u2019emprisonnement et de 150.000\u20ac d\u2019amende.\r\n\r\nLes marques des logiciels qui peuvent \u00eatre affich\u00e9es sur le Site sont la propri\u00e9t\u00e9 respective des soci\u00e9t\u00e9s les exploitant, et elles ne peuvent \u00eatre exploit\u00e9es sans l\u2019accord pr\u00e9alable et \u00e9crit du propri\u00e9taire des dites marques. Ces logiciels sont prot\u00e9g\u00e9s par le droit d\u2019auteur et supposent pour leur utilisation la conclusion d\u2019un contrat de licence directement entre leur propri\u00e9taire et l\u2019internaute.[\/vc_column_text][vc_empty_space][vc_column_text]\r\n<h2>Responsabilit\u00e9s<\/h2>\r\n<h2><!-- \/wp:paragraph --><\/h2>\r\n<!-- wp:paragraph -->L\u2019\u00e9diteur du site ne saurait \u00eatre tenu responsable des probl\u00e8mes techniques rencontr\u00e9s sur le site. L\u2019\u00e9diteur du site ne saurait \u00eatre tenu responsable des probl\u00e8mes rencontr\u00e9s sur tous les autres sites vers lesquels des liens sont \u00e9tablis, ou de toute autre information publi\u00e9e sur ces sites, ainsi que des cons\u00e9quences de leur utilisation.[\/vc_column_text][vc_empty_space][vc_column_text]\r\n<h2>H\u00e9bergement<\/h2>\r\n<h2><!-- \/wp:paragraph --><\/h2>\r\n<!-- wp:paragraph -->\r\nOVH\r\nSAS au capital de 10 000 000 euros\r\nRCS Roubaix \u2013 Tourcoing 424 761 419 00045\r\nCode APE 6202A\r\nN\u00b0 TVA : FR 22 424 761 419\r\nSi\u00e8ge social : 2 rue Kellermann \u2013 59100 Roubaix \u2013 France.[\/vc_column_text][vc_empty_space][vc_column_text]\r\n<h2>Donn\u00e9es nominatives<\/h2>\r\n<h2><!-- \/wp:paragraph --><\/h2>\r\n<!-- wp:paragraph -->En application de la loi Informatique et Libert\u00e9s du 6 janvier 1978 et conform\u00e9ment aux dispositions de la loi du n\u00b078-17 du 6 janvier 1978, vous disposez d\u2019un droit d\u2019acc\u00e8s, de rectification et d\u2019opposition sur les donn\u00e9es nominatives vous concernant. Pour exercer ce droit, adressez-vous \u00e0 :\r\nAMIEL FRERES SAS\r\n19 PLAN DIDEROT, 34290 MONTBLANC\r\nE-mail : contact(at)domainedesamiel.com\r\nT\u00e9l\u00e9phone : (+33) 6 83 82 21 80[\/vc_column_text][vc_empty_space][vc_column_text]\r\n<h2><!-- wp:heading --><\/h2>\r\n<h2>Cookies<\/h2>\r\n<h2><!-- \/wp:heading --><\/h2>\r\n<!-- wp:paragraph -->Un cookie est un petit texte donn\u00e9 \u00e0 votre navigateur via le site Web consult\u00e9. Gr\u00e2ce \u00e0 ce cookie, des informations sur votre visite, notamment les param\u00e8tres de connexion \u00e0 votre compte, sont enregistr\u00e9es sur le site Web. Cela peut faciliter vos futures visites et renforcer l\u2019utilit\u00e9 de ce dernier pour vous. Les cookies jouent un r\u00f4le important. Sans les cookies, l\u2019utilisation du Web pourrait s\u2019av\u00e9rer beaucoup plus lente et fastidieuse.\r\n\r\nNous utilisons les cookies \u00e0 diverses fins. Nous les employons, par exemple, pour m\u00e9moriser l\u2019\u00e9tat de connexion \u00e0 votre compte, adapter le site \u00e0 votre terminal mobile ou bureau, conserver la liste des produits que vous mettez dans votre panier, accro\u00eetre la pertinence des annonces et suggestions diffus\u00e9es \u00e0 votre attention, compter les visiteurs d\u2019une page, vous aider \u00e0 vous inscrire \u00e0 nos services et \u00e0 prot\u00e9ger vos donn\u00e9es.[\/vc_column_text][vc_empty_space][\/vc_column][\/vc_row]<!-- \/wp:paragraph --><\/div>","protected":false},"excerpt":{"rendered":"<p>[vc_row][vc_column][vc_column_text] Appartenance Conformement aux ali\u00e9nations des articles 6-III et 19 de la l\u1ed7i Pour la Confiance Dans l\u2019Economie Num\u00e9rique, nous vous informons Que: Le pr\u00e9sent site Internet est \u00e9dit\u00e9 par La soci\u00e9t\u00e9 AMIEL FRERES SAS, Soci\u00e9t\u00e9 par actions simplifi\u00e9e au capital social de 2 000,00 euros Dont le si\u00e8ge social est situ\u00e9 au 19 PLAN [&hellip;]<\/p>\n","protected":false},"author":4,"featured_media":0,"parent":0,"menu_order":0,"comment_status":"closed","ping_status":"closed","template":"","meta":{"footnotes":""},"class_list":["post-8001","page","type-page","status-publish","hentry"],"_links":{"self":[{"href":"https:\/\/domaine-des-amiel.com\/en\/wp-json\/wp\/v2\/pages\/8001","targetHints":{"allow":["GET"]}}],"collection":[{"href":"https:\/\/domaine-des-amiel.com\/en\/wp-json\/wp\/v2\/pages"}],"about":[{"href":"https:\/\/domaine-des-amiel.com\/en\/wp-json\/wp\/v2\/types\/page"}],"author":[{"embeddable":true,"href":"https:\/\/domaine-des-amiel.com\/en\/wp-json\/wp\/v2\/users\/4"}],"replies":[{"embeddable":true,"href":"https:\/\/domaine-des-amiel.com\/en\/wp-json\/wp\/v2\/comments?post=8001"}],"version-history":[{"count":1,"href":"https:\/\/domaine-des-amiel.com\/en\/wp-json\/wp\/v2\/pages\/8001\/revisions"}],"predecessor-version":[{"id":8002,"href":"https:\/\/domaine-des-amiel.com\/en\/wp-json\/wp\/v2\/pages\/8001\/revisions\/8002"}],"wp:attachment":[{"href":"https:\/\/domaine-des-amiel.com\/en\/wp-json\/wp\/v2\/media?parent=8001"}],"curies":[{"name":"wp","href":"https:\/\/api.w.org\/{rel}","templated":true}]}}